{"id":40,"date":"2017-04-20T13:55:24","date_gmt":"2017-04-20T13:55:24","guid":{"rendered":"http:\/\/brunomoldes.com.br\/site\/?page_id=40"},"modified":"2023-09-06T20:11:36","modified_gmt":"2023-09-06T20:11:36","slug":"home","status":"publish","type":"page","link":"https:\/\/brunomoldes.com.br\/site\/","title":{"rendered":"Home"},"content":{"rendered":"<p>[et_pb_section bb_built=&#8221;1&#8243; admin_label=&#8221;section&#8221; fullwidth=&#8221;on&#8221; _builder_version=&#8221;3.0.92&#8243; background_image=&#8221;https:\/\/brunomoldes.com.br\/site\/wp-content\/uploads\/2019\/05\/bg_verde_curva_rodape2.jpg&#8221; background_position=&#8221;bottom_center&#8221; custom_padding=&#8221;0px|0px|75px|0px&#8221;][et_pb_fullwidth_slider admin_label=&#8221;Fullwidth Slider&#8221; show_inner_shadow=&#8221;off&#8221; _builder_version=&#8221;3.0.92&#8243; header_font=&#8221;|800|||||||&#8221; header_font_size=&#8221;70px&#8221; header_text_color=&#8221;#ffffff&#8221; max_width=&#8221;1280px&#8221; module_alignment=&#8221;center&#8221; custom_padding=&#8221;|||&#8221; custom_button=&#8221;on&#8221; button_bg_color=&#8221;#086E56&#8243; button_border_width=&#8221;0px&#8221; animation_style=&#8221;fold&#8221; auto=&#8221;on&#8221; custom_css_slide_image=&#8221;border: 15px solid #086E56;||border-radius: 10px;&#8221; show_arrows=&#8221;on&#8221; show_pagination=&#8221;on&#8221; button_icon_placement=&#8221;right&#8221; show_content_on_mobile=&#8221;on&#8221; show_cta_on_mobile=&#8221;on&#8221; show_image_video_mobile=&#8221;off&#8221;][et_pb_slide heading=&#8221;Novas Instala\u00e7\u00f5es!&#8221; button_text=&#8221;ver mais&#8230;&#8221; button_link=&#8221;https:\/\/brunomoldes.com.br\/site\/a-empresa\/&#8221; use_bg_overlay=&#8221;off&#8221; use_text_overlay=&#8221;off&#8221; _builder_version=&#8221;3.0.92&#8243; header_font=&#8221;||||||||&#8221; header_font_size=&#8221;65px&#8221; header_font_size_tablet=&#8221;65px&#8221; header_font_size_phone=&#8221;65px&#8221; body_font=&#8221;||||&#8221; background_color=&#8221;rgba(255,255,255,0)&#8221; custom_button=&#8221;off&#8221; image=&#8221;https:\/\/brunomoldes.com.br\/site\/wp-content\/uploads\/2022\/01\/DJI_0028_01.jpg&#8221;]<\/p>\n<p>CONFIRA O V\u00cdDEO!<\/p>\n<p>[\/et_pb_slide][et_pb_slide heading=&#8221;Maquinas Pesadas&#8221; button_text=&#8221;ver mais&#8230;&#8221; button_link=&#8221;https:\/\/brunomoldes.com.br\/site\/produtos\/#maquinaspesadas&#8221; image=&#8221;https:\/\/brunomoldes.com.br\/site\/wp-content\/uploads\/2019\/05\/linha_pesada.jpg&#8221; use_bg_overlay=&#8221;off&#8221; use_text_overlay=&#8221;off&#8221; _builder_version=&#8221;3.0.92&#8243; header_font=&#8221;||||&#8221; body_font=&#8221;||||&#8221; background_color=&#8221;rgba(255,255,255,0)&#8221; custom_button=&#8221;off&#8221; button_icon_placement=&#8221;right&#8221; button_on_hover=&#8221;on&#8221;] TECNOLOGIA BRUNO MOLDES<br \/>\n[\/et_pb_slide][et_pb_slide heading=&#8221;Fabrica\u00e7\u00e3o Pr\u00f3pria&#8221; button_text=&#8221;ver mais&#8230;&#8221; button_link=&#8221;https:\/\/brunomoldes.com.br\/site\/produtos\/#fabricacaopropria&#8221; image=&#8221;https:\/\/brunomoldes.com.br\/site\/wp-content\/uploads\/2019\/05\/caixa_editado.jpg&#8221; use_bg_overlay=&#8221;off&#8221; use_text_overlay=&#8221;off&#8221; _builder_version=&#8221;3.0.92&#8243; header_font=&#8221;||||&#8221; body_font=&#8221;||||&#8221; background_color=&#8221;rgba(255,255,255,0)&#8221; custom_button=&#8221;off&#8221; button_icon_placement=&#8221;right&#8221; button_on_hover=&#8221;on&#8221;] TECNOLOGIA BRUNO MOLDES<br \/>\n[\/et_pb_slide][et_pb_slide heading=&#8221;Linha Metrovi\u00e1ria&#8221; button_text=&#8221;ver mais&#8230;&#8221; button_link=&#8221;https:\/\/brunomoldes.com.br\/site\/produtos\/#linhametroviaria&#8221; image=&#8221;https:\/\/brunomoldes.com.br\/site\/wp-content\/uploads\/2019\/05\/linha_metroviario.jpg&#8221; use_bg_overlay=&#8221;off&#8221; use_text_overlay=&#8221;off&#8221; _builder_version=&#8221;3.0.92&#8243; header_font=&#8221;||||&#8221; body_font=&#8221;||||&#8221; background_color=&#8221;rgba(255,255,255,0)&#8221; custom_button=&#8221;off&#8221; button_icon_placement=&#8221;right&#8221; button_on_hover=&#8221;on&#8221;] TECNOLOGIA BRUNO MOLDES<br \/>\n[\/et_pb_slide][et_pb_slide heading=&#8221;Carros El\u00e9tricos&#8221; button_text=&#8221;ver mais&#8230;&#8221; button_link=&#8221;https:\/\/brunomoldes.com.br\/site\/produtos\/#carroseletricos&#8221; image=&#8221;https:\/\/brunomoldes.com.br\/site\/wp-content\/uploads\/2019\/05\/carrinho_editado.jpg&#8221; use_bg_overlay=&#8221;off&#8221; use_text_overlay=&#8221;off&#8221; _builder_version=&#8221;3.0.92&#8243; header_font=&#8221;||||&#8221; body_font=&#8221;||||&#8221; background_color=&#8221;rgba(255,255,255,0)&#8221; custom_button=&#8221;off&#8221; button_icon_placement=&#8221;right&#8221; button_on_hover=&#8221;on&#8221;] TECNOLOGIA BRUNO MOLDES<br \/>\n[\/et_pb_slide][\/et_pb_fullwidth_slider][\/et_pb_section][et_pb_section bb_built=&#8221;1&#8243; admin_label=&#8221;section&#8221; _builder_version=&#8221;3.0.92&#8243; background_image=&#8221;https:\/\/brunomoldes.com.br\/site\/wp-content\/uploads\/2019\/05\/white-curves-on-grey-background-bright-abstract-wallpaper.jpg&#8221; background_position=&#8221;top_center&#8221; custom_padding=&#8221;9px|0px|54px|0px&#8221;][et_pb_row _builder_version=&#8221;3.0.92&#8243;][et_pb_column type=&#8221;4_4&#8243;][et_pb_divider color=&#8221;#086E56&#8243; show_divider=&#8221;on&#8221; divider_style=&#8221;dotted&#8221; divider_weight=&#8221;3px&#8221; _builder_version=&#8221;3.0.92&#8243; \/][\/et_pb_column][\/et_pb_row][et_pb_row admin_label=&#8221;row&#8221; use_custom_width=&#8221;on&#8221; custom_width_px=&#8221;768px&#8221; custom_padding=&#8221;10px|0px|71px|0px&#8221; _builder_version=&#8221;3.0.92&#8243; background_size=&#8221;initial&#8221; background_position=&#8221;top_left&#8221; background_repeat=&#8221;repeat&#8221;][et_pb_column type=&#8221;1_2&#8243;][et_pb_image src=&#8221;https:\/\/brunomoldes.com.br\/site\/wp-content\/uploads\/2019\/07\/selo_ISO_9001.png&#8221; _builder_version=&#8221;3.0.92&#8243; \/][\/et_pb_column][et_pb_column type=&#8221;1_2&#8243;][et_pb_text _builder_version=&#8221;3.0.92&#8243; text_font=&#8221;|800|||||||&#8221; text_font_size=&#8221;26px&#8221; text_orientation=&#8221;justified&#8221;] Pol\u00edtica de Qualidade<br \/>\n[\/et_pb_text][et_pb_text _builder_version=&#8221;3.0.92&#8243; text_font=&#8221;||||||||&#8221; text_orientation=&#8221;justified&#8221;]<\/p>\n<p>\u201cAtuamos no mercado de (PRFV) Pl\u00e1stico Refor\u00e7ado com Fibra de Vidro melhorando continuamente nossos processos e produtos, conquistando a satisfa\u00e7\u00e3o dos clientes atrav\u00e9s da qualidade garantida; e preocupando se com meio ambiente e colaboradores.\u201d<span style=\"font-size: 14px;\">\u00a0<\/span><\/p>\n<p>&nbsp;<\/p>\n<p>[\/et_pb_text][et_pb_button button_url=&#8221;https:\/\/brunomoldes.com.br\/site\/responsabilidadesocial\/&#8221; button_text=&#8221;Continuar lendo&#8230;&#8221; button_alignment=&#8221;left&#8221; _builder_version=&#8221;3.0.92&#8243; custom_button=&#8221;on&#8221; button_text_color=&#8221;#086E56&#8243; button_bg_color=&#8221;#ffffff&#8221; button_border_color=&#8221;#086E56&#8243; button_font=&#8221;||||||||&#8221; button_icon=&#8221;%%28%%&#8221; button_on_hover=&#8221;off&#8221; \/][\/et_pb_column][\/et_pb_row][et_pb_row _builder_version=&#8221;3.0.92&#8243;][et_pb_column type=&#8221;4_4&#8243;][et_pb_divider color=&#8221;#086E56&#8243; show_divider=&#8221;on&#8221; divider_style=&#8221;dotted&#8221; divider_weight=&#8221;3px&#8221; _builder_version=&#8221;3.0.92&#8243; \/][\/et_pb_column][\/et_pb_row][et_pb_row admin_label=&#8221;row&#8221; custom_padding=&#8221;46px|0px|27px|0px&#8221; _builder_version=&#8221;3.0.47&#8243; background_size=&#8221;initial&#8221; background_position=&#8221;top_left&#8221; background_repeat=&#8221;repeat&#8221;][et_pb_column type=&#8221;4_4&#8243;][et_pb_text admin_label=&#8221;Text&#8221; _builder_version=&#8221;3.0.92&#8243; text_font=&#8221;|800|||||||&#8221; text_font_size=&#8221;44px&#8221; text_text_color=&#8221;#086E56&#8243; text_letter_spacing=&#8221;0&#8243; text_line_height=&#8221;1.7&#8243; header_font_size=&#8221;30&#8243; header_letter_spacing=&#8221;0&#8243; header_line_height=&#8221;1&#8243; background_size=&#8221;initial&#8221; background_position=&#8221;top_left&#8221; background_repeat=&#8221;repeat&#8221; text_orientation=&#8221;center&#8221;] EM DESTAQUE: [\/et_pb_text][\/et_pb_column][\/et_pb_row][et_pb_row _builder_version=&#8221;3.0.47&#8243; background_size=&#8221;initial&#8221; background_position=&#8221;top_left&#8221; background_repeat=&#8221;repeat&#8221;][et_pb_column type=&#8221;1_3&#8243;][et_pb_image src=&#8221;https:\/\/brunomoldes.com.br\/site\/wp-content\/uploads\/2019\/05\/363ff78c37bef9d3d0dd5f5dc3a90865.jpg&#8221; _builder_version=&#8221;3.0.92&#8243; border_width_all=&#8221;11px&#8221; border_color_all=&#8221;#086E56&#8243; max_width=&#8221;260px&#8221; module_alignment=&#8221;center&#8221; \/][\/et_pb_column][et_pb_column type=&#8221;1_3&#8243;][et_pb_image src=&#8221;https:\/\/brunomoldes.com.br\/site\/wp-content\/uploads\/2019\/05\/cf40b88e0ff0f862005500d80fa64fd1.jpg&#8221; align=&#8221;center&#8221; _builder_version=&#8221;3.0.92&#8243; border_width_all=&#8221;11px&#8221; border_color_all=&#8221;#086E56&#8243; max_width=&#8221;310px&#8221; \/][\/et_pb_column][et_pb_column type=&#8221;1_3&#8243;][et_pb_image src=&#8221;https:\/\/brunomoldes.com.br\/site\/wp-content\/uploads\/2019\/05\/89d75903de9f380d8bc38df4c8d3fb26.jpg&#8221; _builder_version=&#8221;3.0.92&#8243; border_width_all=&#8221;11px&#8221; border_color_all=&#8221;#086E56&#8243; \/][\/et_pb_column][\/et_pb_row][et_pb_row _builder_version=&#8221;3.0.47&#8243; background_size=&#8221;initial&#8221; background_position=&#8221;top_left&#8221; background_repeat=&#8221;repeat&#8221;][et_pb_column type=&#8221;4_4&#8243;][et_pb_button button_url=&#8221;https:\/\/brunomoldes.com.br\/site\/produtos\/&#8221; button_text=&#8221;Ver todos os Produtos&#8230;&#8221; button_alignment=&#8221;center&#8221; _builder_version=&#8221;3.0.92&#8243; custom_button=&#8221;on&#8221; button_text_color=&#8221;#086E56&#8243; button_bg_color=&#8221;#ffffff&#8221; button_border_color=&#8221;#086E56&#8243; button_font=&#8221;||||||||&#8221; button_icon=&#8221;%%28%%&#8221; button_on_hover=&#8221;off&#8221; \/][\/et_pb_column][\/et_pb_row][\/et_pb_section][et_pb_section bb_built=&#8221;1&#8243; background_color=&#8221;#086E56&#8243; _builder_version=&#8221;3.0.92&#8243; custom_padding=&#8221;0px|0px|0px|0px&#8221;][et_pb_row custom_padding=&#8221;27px|0px|13px|0px&#8221; _builder_version=&#8221;3.0.47&#8243; background_size=&#8221;initial&#8221; background_position=&#8221;top_left&#8221; background_repeat=&#8221;repeat&#8221;][et_pb_column type=&#8221;4_4&#8243;][et_pb_text background_layout=&#8221;dark&#8221; _builder_version=&#8221;3.0.92&#8243; background_size=&#8221;initial&#8221; background_position=&#8221;top_left&#8221; background_repeat=&#8221;repeat&#8221; text_orientation=&#8221;center&#8221; module_alignment=&#8221;center&#8221;]<\/p>\n<h1 style=\"text-align: center;\"><strong>CENTRAL DE ATENDIMENTO: (14) 3112-9200<\/strong><\/h1>\n<p>[\/et_pb_text][\/et_pb_column][\/et_pb_row][\/et_pb_section][et_pb_section bb_built=&#8221;1&#8243; background_color=&#8221;#e02b20&#8243; _builder_version=&#8221;3.0.92&#8243; background_image=&#8221;https:\/\/brunomoldes.com.br\/site\/wp-content\/uploads\/2019\/05\/bg_slide_bruno_verde.jpg&#8221;][et_pb_row _builder_version=&#8221;3.0.47&#8243; background_size=&#8221;initial&#8221; background_position=&#8221;top_left&#8221; background_repeat=&#8221;repeat&#8221;][et_pb_column type=&#8221;1_2&#8243;][et_pb_video src=&#8221;https:\/\/brunomoldes.com.br\/site\/wp-content\/uploads\/2022\/01\/video_brunomoldes_nova_480p.mp4&#8243; _builder_version=&#8221;3.0.92&#8243; border_width_all=&#8221;11px&#8221; border_color_all=&#8221;#086E56&#8243; \/][\/et_pb_column][et_pb_column type=&#8221;1_2&#8243;][et_pb_text _builder_version=&#8221;3.0.92&#8243; text_font=&#8221;|800|||||||&#8221; text_font_size=&#8221;26px&#8221; text_text_color=&#8221;#ffffff&#8221; text_orientation=&#8221;justified&#8221;] Nosso Parque Industrial<br \/>\n[\/et_pb_text][et_pb_text background_layout=&#8221;dark&#8221; _builder_version=&#8221;3.0.92&#8243; text_orientation=&#8221;justified&#8221;]<\/p>\n<p>A empresa Bruno Moldes est\u00e1 no mercado h\u00e1 22 anos, tendo \u00e0 frente os empres\u00e1rios e irm\u00e3os <strong>Ant\u00f4nio Carlos Bruno e Jos\u00e9 Roberto Bruno.<br \/>\n<\/strong>Suas atividades foram iniciadas com a produ\u00e7\u00e3o de moldes, nas proximidades do distrito de Aparecida de S\u00e3o Manuel, contando com apenas cinco funcion\u00e1rios.<br \/>\nEm pouco tempo a empresa se destacou no mercado de moldes pela qualidade dos produtos, tendo posteriormente uma procura por parte dos pr\u00f3prios clientes pela fabrica\u00e7\u00e3o de pe\u00e7as em fibra&#8230;.<\/p>\n<p>[\/et_pb_text][et_pb_button button_url=&#8221;https:\/\/brunomoldes.com.br\/site\/a-empresa\/&#8221; button_text=&#8221;Leia mais&#8230;&#8221; button_alignment=&#8221;left&#8221; _builder_version=&#8221;3.0.92&#8243; custom_button=&#8221;on&#8221; button_text_color=&#8221;#086E56&#8243; button_bg_color=&#8221;#ffffff&#8221; button_border_color=&#8221;#086E56&#8243; button_font=&#8221;||||||||&#8221; button_icon=&#8221;%%28%%&#8221; button_on_hover=&#8221;off&#8221; \/][\/et_pb_column][\/et_pb_row][\/et_pb_section]<\/p>\n","protected":false},"excerpt":{"rendered":"<p>CONFIRA O V\u00cdDEO! TECNOLOGIA BRUNO MOLDES TECNOLOGIA BRUNO MOLDES TECNOLOGIA BRUNO MOLDES TECNOLOGIA BRUNO MOLDES Pol\u00edtica de Qualidade \u201cAtuamos no mercado de (PRFV) Pl\u00e1stico Refor\u00e7ado com Fibra de Vidro melhorando continuamente nossos processos e produtos, conquistando a satisfa\u00e7\u00e3o dos clientes atrav\u00e9s da qualidade garantida; e preocupando se com meio ambiente e colaboradores.\u201d\u00a0 &nbsp; EM DESTAQUE: [&hellip;]<\/p>\n","protected":false},"author":1,"featured_media":0,"parent":0,"menu_order":0,"comment_status":"closed","ping_status":"closed","template":"","meta":{"_et_pb_use_builder":"on","_et_pb_old_content":"","_et_gb_content_width":"","footnotes":""},"class_list":["post-40","page","type-page","status-publish","hentry"],"_links":{"self":[{"href":"https:\/\/brunomoldes.com.br\/site\/wp-json\/wp\/v2\/pages\/40"}],"collection":[{"href":"https:\/\/brunomoldes.com.br\/site\/wp-json\/wp\/v2\/pages"}],"about":[{"href":"https:\/\/brunomoldes.com.br\/site\/wp-json\/wp\/v2\/types\/page"}],"author":[{"embeddable":true,"href":"https:\/\/brunomoldes.com.br\/site\/wp-json\/wp\/v2\/users\/1"}],"replies":[{"embeddable":true,"href":"https:\/\/brunomoldes.com.br\/site\/wp-json\/wp\/v2\/comments?post=40"}],"version-history":[{"count":82,"href":"https:\/\/brunomoldes.com.br\/site\/wp-json\/wp\/v2\/pages\/40\/revisions"}],"predecessor-version":[{"id":544,"href":"https:\/\/brunomoldes.com.br\/site\/wp-json\/wp\/v2\/pages\/40\/revisions\/544"}],"wp:attachment":[{"href":"https:\/\/brunomoldes.com.br\/site\/wp-json\/wp\/v2\/media?parent=40"}],"curies":[{"name":"wp","href":"https:\/\/api.w.org\/{rel}","templated":true}]}}